{"id":888,"date":"2024-10-29T16:13:49","date_gmt":"2024-10-29T16:13:49","guid":{"rendered":"https:\/\/ministeriosesportivos.com\/?page_id=888"},"modified":"2024-11-08T18:00:06","modified_gmt":"2024-11-08T18:00:06","slug":"seven-rollers","status":"publish","type":"page","link":"https:\/\/ministeriosesportivos.com\/?page_id=888","title":{"rendered":"Seven Rollers"},"content":{"rendered":"<div data-colibri-id=\"888-c1\" class=\"style-689 style-local-888-c1 position-relative\">\n  <!---->\n  <div data-colibri-component=\"section\" data-colibri-id=\"888-c2\" id=\"custom\" class=\"h-section h-section-global-spacing d-flex align-items-lg-center align-items-md-center align-items-center style-690 style-local-888-c2 position-relative\">\n    <!---->\n    <!---->\n    <div class=\"h-section-grid-container h-section-boxed-container\">\n      <!---->\n      <div data-colibri-id=\"888-c3\" class=\"h-row-container gutters-row-lg-0 gutters-row-md-0 gutters-row-0 gutters-row-v-lg-0 gutters-row-v-md-0 gutters-row-v-0 style-691 style-local-888-c3 position-relative\">\n        <!---->\n        <div class=\"h-row justify-content-lg-center justify-content-md-center justify-content-center align-items-lg-stretch align-items-md-stretch align-items-stretch gutters-col-lg-0 gutters-col-md-0 gutters-col-0 gutters-col-v-lg-0 gutters-col-v-md-0 gutters-col-v-0\">\n          <!---->\n          <div class=\"h-column h-column-container d-flex h-col-lg-auto h-col-md-auto h-col-auto style-692-outer style-local-888-c4-outer\">\n            <div data-colibri-id=\"888-c4\" class=\"d-flex h-flex-basis h-column__inner h-px-lg-0 h-px-md-0 h-px-0 v-inner-lg-0 v-inner-md-0 v-inner-0 style-692 style-local-888-c4 position-relative\">\n              <!---->\n              <!---->\n              <div class=\"w-100 h-y-container h-column__content h-column__v-align flex-basis-100 align-self-lg-start align-self-md-start align-self-start\">\n                <!---->\n                <div data-colibri-id=\"888-c5\" class=\"d-block style-693 style-local-888-c5 position-relative h-element\">\n                  <!---->\n                  <div class=\"h-image__frame-container-outer\">\n                    <div class=\"h-image__frame-container\">\n                      <!---->\n                      <!---->\n                      <img loading=\"lazy\" decoding=\"async\" width=\"2334\" height=\"1945\" data-src=\"https:\/\/ministeriosesportivos.com\/wp-content\/uploads\/2024\/10\/Logo-Seven-Rollers.jpg\" class=\"wp-image-899 style-693-image style-local-888-c5-image lazyload\" alt=\"\" data-srcset=\"https:\/\/ministeriosesportivos.com\/wp-content\/uploads\/2024\/10\/Logo-Seven-Rollers.jpg 2334w, https:\/\/ministeriosesportivos.com\/wp-content\/uploads\/2024\/10\/Logo-Seven-Rollers-300x250.jpg 300w, https:\/\/ministeriosesportivos.com\/wp-content\/uploads\/2024\/10\/Logo-Seven-Rollers-1024x853.jpg 1024w, https:\/\/ministeriosesportivos.com\/wp-content\/uploads\/2024\/10\/Logo-Seven-Rollers-768x640.jpg 768w, https:\/\/ministeriosesportivos.com\/wp-content\/uploads\/2024\/10\/Logo-Seven-Rollers-1536x1280.jpg 1536w, https:\/\/ministeriosesportivos.com\/wp-content\/uploads\/2024\/10\/Logo-Seven-Rollers-2048x1707.jpg 2048w\" data-sizes=\"(max-width: 2334px) 100vw, 2334px\" src=\"data:image\/gif;base64,R0lGODlhAQABAAAAACH5BAEKAAEALAAAAAABAAEAAAICTAEAOw==\" style=\"--smush-placeholder-width: 2334px; --smush-placeholder-aspect-ratio: 2334\/1945;\" \/><noscript><img loading=\"lazy\" decoding=\"async\" width=\"2334\" height=\"1945\" src=\"https:\/\/ministeriosesportivos.com\/wp-content\/uploads\/2024\/10\/Logo-Seven-Rollers.jpg\" class=\"wp-image-899 style-693-image style-local-888-c5-image\" alt=\"\" srcset=\"https:\/\/ministeriosesportivos.com\/wp-content\/uploads\/2024\/10\/Logo-Seven-Rollers.jpg 2334w, https:\/\/ministeriosesportivos.com\/wp-content\/uploads\/2024\/10\/Logo-Seven-Rollers-300x250.jpg 300w, https:\/\/ministeriosesportivos.com\/wp-content\/uploads\/2024\/10\/Logo-Seven-Rollers-1024x853.jpg 1024w, https:\/\/ministeriosesportivos.com\/wp-content\/uploads\/2024\/10\/Logo-Seven-Rollers-768x640.jpg 768w, https:\/\/ministeriosesportivos.com\/wp-content\/uploads\/2024\/10\/Logo-Seven-Rollers-1536x1280.jpg 1536w, https:\/\/ministeriosesportivos.com\/wp-content\/uploads\/2024\/10\/Logo-Seven-Rollers-2048x1707.jpg 2048w\" sizes=\"(max-width: 2334px) 100vw, 2334px\" \/><\/noscript>\n                      <div class=\"h-image__frame h-hide-lg h-hide-md h-hide-sm style-693-frameImage style-local-888-c5-frameImage\"><\/div>\n                    <\/div>\n                  <\/div>\n                <\/div>\n              <\/div>\n            <\/div>\n          <\/div>\n        <\/div>\n      <\/div>\n    <\/div>\n  <\/div>\n  <div data-colibri-component=\"section\" data-colibri-id=\"888-c6\" id=\"custom-2\" class=\"h-section h-section-global-spacing d-flex align-items-lg-center align-items-md-center align-items-center style-694 style-local-888-c6 position-relative\">\n    <!---->\n    <!---->\n    <div class=\"h-section-grid-container h-section-boxed-container\">\n      <!---->\n      <div data-colibri-id=\"888-c7\" class=\"h-row-container gutters-row-lg-0 gutters-row-md-0 gutters-row-0 gutters-row-v-lg-0 gutters-row-v-md-0 gutters-row-v-0 style-695 style-local-888-c7 position-relative\">\n        <!---->\n        <div class=\"h-row justify-content-lg-center justify-content-md-center justify-content-center align-items-lg-stretch align-items-md-stretch align-items-stretch gutters-col-lg-0 gutters-col-md-0 gutters-col-0 gutters-col-v-lg-0 gutters-col-v-md-0 gutters-col-v-0\">\n          <!---->\n          <div class=\"h-column h-column-container d-flex h-col-lg-auto h-col-md-auto h-col-auto style-696-outer style-local-888-c8-outer\">\n            <div data-colibri-id=\"888-c8\" class=\"d-flex h-flex-basis h-column__inner h-px-lg-0 h-px-md-0 h-px-0 v-inner-lg-0 v-inner-md-0 v-inner-0 style-696 style-local-888-c8 position-relative\">\n              <!---->\n              <!---->\n              <div class=\"w-100 h-y-container h-column__content h-column__v-align flex-basis-100 align-self-lg-start align-self-md-start align-self-start\">\n                <!---->\n                <div data-colibri-id=\"888-c9\" class=\"d-block style-697 style-local-888-c9 position-relative h-element\">\n                  <!---->\n                  <div class=\"h-image__frame-container-outer\">\n                    <div class=\"h-image__frame-container\">\n                      <!---->\n                      <!---->\n                      <img loading=\"lazy\" decoding=\"async\" width=\"2560\" height=\"1706\" data-src=\"https:\/\/ministeriosesportivos.com\/wp-content\/uploads\/2024\/10\/Roller-scaled.jpg\" class=\"wp-image-907 style-697-image style-local-888-c9-image lazyload\" alt=\"\" data-srcset=\"https:\/\/ministeriosesportivos.com\/wp-content\/uploads\/2024\/10\/Roller-scaled.jpg 2560w, https:\/\/ministeriosesportivos.com\/wp-content\/uploads\/2024\/10\/Roller-300x200.jpg 300w, https:\/\/ministeriosesportivos.com\/wp-content\/uploads\/2024\/10\/Roller-1024x683.jpg 1024w, https:\/\/ministeriosesportivos.com\/wp-content\/uploads\/2024\/10\/Roller-768x512.jpg 768w, https:\/\/ministeriosesportivos.com\/wp-content\/uploads\/2024\/10\/Roller-1536x1024.jpg 1536w, https:\/\/ministeriosesportivos.com\/wp-content\/uploads\/2024\/10\/Roller-2048x1365.jpg 2048w\" data-sizes=\"(max-width: 2560px) 100vw, 2560px\" src=\"data:image\/gif;base64,R0lGODlhAQABAAAAACH5BAEKAAEALAAAAAABAAEAAAICTAEAOw==\" style=\"--smush-placeholder-width: 2560px; --smush-placeholder-aspect-ratio: 2560\/1706;\" \/><noscript><img loading=\"lazy\" decoding=\"async\" width=\"2560\" height=\"1706\" src=\"https:\/\/ministeriosesportivos.com\/wp-content\/uploads\/2024\/10\/Roller-scaled.jpg\" class=\"wp-image-907 style-697-image style-local-888-c9-image\" alt=\"\" srcset=\"https:\/\/ministeriosesportivos.com\/wp-content\/uploads\/2024\/10\/Roller-scaled.jpg 2560w, https:\/\/ministeriosesportivos.com\/wp-content\/uploads\/2024\/10\/Roller-300x200.jpg 300w, https:\/\/ministeriosesportivos.com\/wp-content\/uploads\/2024\/10\/Roller-1024x683.jpg 1024w, https:\/\/ministeriosesportivos.com\/wp-content\/uploads\/2024\/10\/Roller-768x512.jpg 768w, https:\/\/ministeriosesportivos.com\/wp-content\/uploads\/2024\/10\/Roller-1536x1024.jpg 1536w, https:\/\/ministeriosesportivos.com\/wp-content\/uploads\/2024\/10\/Roller-2048x1365.jpg 2048w\" sizes=\"(max-width: 2560px) 100vw, 2560px\" \/><\/noscript>\n                      <div class=\"h-image__frame h-hide-lg h-hide-md h-hide-sm style-697-frameImage style-local-888-c9-frameImage\"><\/div>\n                    <\/div>\n                  <\/div>\n                <\/div>\n              <\/div>\n            <\/div>\n          <\/div>\n        <\/div>\n      <\/div>\n    <\/div>\n  <\/div>\n  <div data-colibri-component=\"section\" data-colibri-id=\"888-c10\" id=\"about\" class=\"h-section h-section-global-spacing d-flex align-items-lg-center align-items-md-center align-items-center style-698 style-local-888-c10 position-relative\">\n    <!---->\n    <!---->\n    <div class=\"h-section-grid-container h-section-boxed-container\">\n      <!---->\n      <div data-colibri-id=\"888-c11\" class=\"h-row-container gutters-row-lg-0 gutters-row-md-0 gutters-row-0 gutters-row-v-lg-0 gutters-row-v-md-0 gutters-row-v-0 style-699 style-local-888-c11 position-relative\">\n        <!---->\n        <div class=\"h-row justify-content-lg-center justify-content-md-center justify-content-center align-items-lg-stretch align-items-md-stretch align-items-stretch gutters-col-lg-0 gutters-col-md-0 gutters-col-0 gutters-col-v-lg-0 gutters-col-v-md-0 gutters-col-v-0\">\n          <!---->\n          <div class=\"h-column h-column-container d-flex h-col-lg-auto h-col-md-auto h-col-auto style-700-outer style-local-888-c12-outer\">\n            <div data-colibri-id=\"888-c12\" class=\"d-flex h-flex-basis h-column__inner h-px-lg-0 h-px-md-0 h-px-0 v-inner-lg-0 v-inner-md-0 v-inner-0 style-700 style-local-888-c12 position-relative\">\n              <!---->\n              <!---->\n              <div class=\"w-100 h-y-container h-column__content h-column__v-align flex-basis-100 align-self-lg-start align-self-md-start align-self-start\">\n                <!---->\n                <div data-colibri-id=\"888-c13\" class=\"h-global-transition-all h-heading style-701 style-local-888-c13 position-relative h-element\">\n                  <!---->\n                  <div class=\"h-heading__outer style-701 style-local-888-c13\">\n                    <!---->\n                    <!---->\n                    <h5 class=\"\">Sobre n\u00f3s<\/h5>\n                  <\/div>\n                <\/div>\n                <div data-colibri-id=\"888-c14\" class=\"h-text h-text-component style-703 style-local-888-c14 position-relative h-element\">\n                  <!---->\n                  <!---->\n                  <div class=\"\">\n                    <p>O minist\u00e9rio Seven Rollers surgiu em 2022 em Varzea Grande &#8211; MT e tendo como princ\u00edpio a patina\u00e7\u00e3o em grupo e levar pessoas a se entrosarem com nosso grupo de crentes e levar a Jesus. Nos reunimos 2 vezes por semana com louvores, ora\u00e7\u00f5es\n                      e medita\u00e7\u00e3o na Palavra. Enquanto o grupo patina, muitos familiares ficam nas proximidades e tamb\u00e9m se entrosam. Os Seven Rollers est\u00e3o crescendo, tendo um grupo em fase de&nbsp;implanta\u00e7\u00e3o em Sinop &#8211; MT. O grupo j\u00e1 levou v\u00e1rias pessoas\n                      aos p\u00e9s de Jesus atrav\u00e9s da patina\u00e7\u00e3o.<\/p>\n                  <\/div>\n                <\/div>\n              <\/div>\n            <\/div>\n          <\/div>\n          <div class=\"h-column h-column-container d-flex h-col-lg-auto h-col-md-auto h-col-auto style-704-outer style-local-888-c15-outer\">\n            <div data-colibri-id=\"888-c15\" class=\"d-flex h-flex-basis h-column__inner h-ui-empty-state-container h-px-lg-2 h-px-md-2 h-px-2 v-inner-lg-2 v-inner-md-2 v-inner-2 style-704 style-local-888-c15 position-relative\">\n              <!---->\n              <!---->\n              <div class=\"w-100 h-y-container h-column__content h-column__v-align flex-basis-100\">\n                <!---->\n              <\/div>\n            <\/div>\n          <\/div>\n        <\/div>\n      <\/div>\n    <\/div>\n  <\/div>\n  <div data-colibri-component=\"section\" data-colibri-id=\"888-c16\" id=\"features\" class=\"h-section h-section-global-spacing d-flex align-items-lg-center align-items-md-center align-items-center style-705 style-local-888-c16 position-relative\">\n    <!---->\n    <!---->\n    <div class=\"h-section-grid-container h-section-boxed-container\">\n      <!---->\n      <div data-colibri-id=\"888-c17\" class=\"h-row-container gutters-row-lg-0 gutters-row-md-0 gutters-row-2 gutters-row-v-lg-0 gutters-row-v-md-0 gutters-row-v-0 style-706 style-local-888-c17 position-relative\">\n        <!---->\n        <div class=\"h-row justify-content-lg-center justify-content-md-center justify-content-center align-items-lg-stretch align-items-md-stretch align-items-stretch gutters-col-lg-0 gutters-col-md-0 gutters-col-2 gutters-col-v-lg-0 gutters-col-v-md-0 gutters-col-v-0\">\n          <!---->\n          <div class=\"h-column h-column-container d-flex h-col-lg-6 h-col-md-6 h-col-12 style-707-outer style-local-888-c18-outer\">\n            <div data-colibri-id=\"888-c18\" class=\"d-flex h-flex-basis h-column__inner h-px-lg-0 h-px-md-0 h-px-2 v-inner-lg-0 v-inner-md-0 v-inner-2 style-707 style-local-888-c18 position-relative\">\n              <!---->\n              <!---->\n              <div class=\"w-100 h-y-container h-column__content h-column__v-align flex-basis-100 align-self-lg-start align-self-md-start align-self-start\">\n                <!---->\n                <div data-colibri-id=\"888-c19\" class=\"h-row-container gutters-row-lg-1 gutters-row-md-1 gutters-row-0 gutters-row-v-lg-1 gutters-row-v-md-1 gutters-row-v-2 style-708 style-local-888-c19 position-relative\">\n                  <!---->\n                  <div class=\"h-row justify-content-lg-center justify-content-md-center justify-content-center align-items-lg-stretch align-items-md-stretch align-items-stretch gutters-col-lg-1 gutters-col-md-1 gutters-col-0 gutters-col-v-lg-1 gutters-col-v-md-1 gutters-col-v-2\">\n                    <!---->\n                    <div class=\"h-column h-column-container d-flex h-col-lg-auto h-col-md-auto h-col-auto style-709-outer style-local-888-c20-outer\">\n                      <div data-colibri-id=\"888-c20\" class=\"d-flex h-flex-basis h-column__inner h-px-lg-1 h-px-md-1 h-px-1 v-inner-lg-1 v-inner-md-1 v-inner-1 style-709 style-local-888-c20 position-relative\">\n                        <!---->\n                        <!---->\n                        <div class=\"w-100 h-y-container h-column__content h-column__v-align flex-basis-auto align-self-lg-start align-self-md-start align-self-start\">\n                          <!---->\n                          <div data-colibri-id=\"888-c21\" class=\"h-icon style-710 style-local-888-c21 position-relative h-element\">\n                            <!----><span class=\"h-svg-icon h-icon__icon style-710-icon style-local-888-c21-icon\"><!--Icon by Font Awesome (https:\/\/fontawesome.com)-->\n    <svg version=\"1.1\" xmlns=\"http:\/\/www.w3.org\/2000\/svg\" xmlns:xlink=\"http:\/\/www.w3.org\/1999\/xlink\" id=\"user-secret\" viewBox=\"0 0 1536 1896.0833\">\n      <path d=\"M576 1536l96-448-96-128-128-64zm256 0l128-640-128 64-96 128zM992 526q-2-4-4-6-10-8-96-8-70 0-167 19-7 2-21 2t-21-2q-97-19-167-19-86 0-96 8-2 2-4 6 2 18 4 27 2 3 7.5 6.5T435 570q2 4 7.5 20.5t7 20.5 7.5 17 8.5 17 9 14 12 13.5 14 9.5 17.5 8 20.5 4 24.5 2q36 0 59-12.5t32.5-30T669 619t11.5-29.5T698 577h12q11 0 17.5 12.5T739 619t14.5 34.5 32.5 30 59 12.5q13 0 24.5-2t20.5-4 17.5-8 14-9.5 12-13.5 9-14 8.5-17 7.5-17 7-20.5T973 570q2-7 7.5-10.5t7.5-6.5q2-9 4-27zm416 879q0 121-73 190t-194 69H267q-121 0-194-69T0 1405q0-61 4.5-118t19-125.5T61 1038t63.5-103.5T218 860l-90-220h214q-22-64-22-128 0-12 2-32-194-40-194-96 0-57 210-99 17-62 51.5-134T460 37q32-37 76-37 30 0 84 31t84 31 84-31 84-31q44 0 76 37 36 42 70.5 114t51.5 134q210 42 210 99 0 56-194 96 7 81-20 160h214l-82 225q63 33 107.5 96.5T1371 1105t29 151.5 8 148.5z\"><\/path>\n    <\/svg><\/span><\/div>\n                        <\/div>\n                      <\/div>\n                    <\/div>\n                    <div class=\"h-column h-column-container d-flex h-col-lg h-col-md h-col-auto style-711-outer style-local-888-c22-outer\">\n                      <div data-colibri-id=\"888-c22\" class=\"d-flex h-flex-basis h-column__inner h-px-lg-1 h-px-md-1 h-px-1 v-inner-lg-1 v-inner-md-1 v-inner-1 style-711 style-local-888-c22 position-relative\">\n                        <!---->\n                        <!---->\n                        <div class=\"w-100 h-y-container h-column__content h-column__v-align flex-basis-100 align-self-lg-start align-self-md-start align-self-start\">\n                          <!---->\n                          <div data-colibri-id=\"888-c23\" class=\"h-global-transition-all h-heading style-712 style-local-888-c23 position-relative h-element\">\n                            <!---->\n                            <div class=\"h-heading__outer style-712 style-local-888-c23\">\n                              <!---->\n                              <!---->\n                              <h5 class=\"\">Presid\u00eancia<\/h5>\n                            <\/div>\n                          <\/div>\n                          <div data-colibri-id=\"888-c24\" class=\"h-text h-text-component style-713 style-local-888-c24 position-relative h-element\">\n                            <!---->\n                            <!---->\n                            <div class=\"\">\n                              <p>Marcos \u00cdtalo Ven\u00edcio da Silva<\/p>\n                              <p>+55 91 981133273<\/p>\n                              <p>marcos.italo@adventistas.org<\/p>\n                              <p>Gabriella Bezerra A.Silva<\/p>\n                              <p>+55 93 981003300<\/p>\n                              <p>familiamelody@gmail.com <\/p>\n                            <\/div>\n                          <\/div>\n                        <\/div>\n                      <\/div>\n                    <\/div>\n                  <\/div>\n                <\/div>\n              <\/div>\n            <\/div>\n          <\/div>\n        <\/div>\n      <\/div>\n    <\/div>\n  <\/div>\n<\/div>","protected":false},"excerpt":{"rendered":"<p>Sobre n\u00f3s O minist\u00e9rio Seven Rollers surgiu em 2022 em Varzea Grande &#8211; MT e tendo como princ\u00edpio a patina\u00e7\u00e3o em grupo e levar pessoas a se entrosarem com nosso grupo de crentes e levar a Jesus. Nos reunimos 2 vezes por semana com louvores, ora\u00e7\u00f5es e medita\u00e7\u00e3o na Palavra. Enquanto o grupo patina, muitos [&hellip;]<\/p>\n","protected":false},"author":1,"featured_media":0,"parent":0,"menu_order":0,"comment_status":"closed","ping_status":"closed","template":"page-templates\/full-width-page.php","meta":{"om_disable_all_campaigns":false,"_monsterinsights_skip_tracking":false,"_monsterinsights_sitenote_active":false,"_monsterinsights_sitenote_note":"","_monsterinsights_sitenote_category":0,"_uf_show_specific_survey":0,"_uf_disable_surveys":false,"footnotes":""},"class_list":["post-888","page","type-page","status-publish","hentry"],"aioseo_notices":[],"_links":{"self":[{"href":"https:\/\/ministeriosesportivos.com\/index.php?rest_route=\/wp\/v2\/pages\/888"}],"collection":[{"href":"https:\/\/ministeriosesportivos.com\/index.php?rest_route=\/wp\/v2\/pages"}],"about":[{"href":"https:\/\/ministeriosesportivos.com\/index.php?rest_route=\/wp\/v2\/types\/page"}],"author":[{"embeddable":true,"href":"https:\/\/ministeriosesportivos.com\/index.php?rest_route=\/wp\/v2\/users\/1"}],"replies":[{"embeddable":true,"href":"https:\/\/ministeriosesportivos.com\/index.php?rest_route=%2Fwp%2Fv2%2Fcomments&post=888"}],"version-history":[{"count":8,"href":"https:\/\/ministeriosesportivos.com\/index.php?rest_route=\/wp\/v2\/pages\/888\/revisions"}],"predecessor-version":[{"id":1081,"href":"https:\/\/ministeriosesportivos.com\/index.php?rest_route=\/wp\/v2\/pages\/888\/revisions\/1081"}],"wp:attachment":[{"href":"https:\/\/ministeriosesportivos.com\/index.php?rest_route=%2Fwp%2Fv2%2Fmedia&parent=888"}],"curies":[{"name":"wp","href":"https:\/\/api.w.org\/{rel}","templated":true}]}}