{"id":1009,"date":"2024-11-08T11:41:32","date_gmt":"2024-11-08T11:41:32","guid":{"rendered":"https:\/\/ministeriosesportivos.com\/?page_id=1009"},"modified":"2024-11-08T17:57:48","modified_gmt":"2024-11-08T17:57:48","slug":"seven-trekkers","status":"publish","type":"page","link":"https:\/\/ministeriosesportivos.com\/?page_id=1009","title":{"rendered":"Seven Trekkers"},"content":{"rendered":"<div data-colibri-id=\"1009-c1\" class=\"style-736 style-local-1009-c1 position-relative\">\n  <!---->\n  <div data-colibri-component=\"section\" data-colibri-id=\"1009-c2\" id=\"custom\" class=\"h-section h-section-global-spacing d-flex align-items-lg-center align-items-md-center align-items-center style-737 style-local-1009-c2 position-relative\">\n    <!---->\n    <!---->\n    <div class=\"h-section-grid-container h-section-boxed-container\">\n      <!---->\n      <div data-colibri-id=\"1009-c3\" class=\"h-row-container gutters-row-lg-0 gutters-row-md-0 gutters-row-0 gutters-row-v-lg-0 gutters-row-v-md-0 gutters-row-v-0 style-738 style-local-1009-c3 position-relative\">\n        <!---->\n        <div class=\"h-row justify-content-lg-center justify-content-md-center justify-content-center align-items-lg-stretch align-items-md-stretch align-items-stretch gutters-col-lg-0 gutters-col-md-0 gutters-col-0 gutters-col-v-lg-0 gutters-col-v-md-0 gutters-col-v-0\">\n          <!---->\n          <div class=\"h-column h-column-container d-flex h-col-lg-auto h-col-md-auto h-col-auto style-739-outer style-local-1009-c4-outer\">\n            <div data-colibri-id=\"1009-c4\" class=\"d-flex h-flex-basis h-column__inner h-px-lg-0 h-px-md-0 h-px-0 v-inner-lg-0 v-inner-md-0 v-inner-0 style-739 style-local-1009-c4 position-relative\">\n              <!---->\n              <!---->\n              <div class=\"w-100 h-y-container h-column__content h-column__v-align flex-basis-100 align-self-lg-start align-self-md-start align-self-start\">\n                <!---->\n                <div data-colibri-id=\"1009-c5\" class=\"d-block style-740 style-local-1009-c5 position-relative h-element\">\n                  <!---->\n                  <div class=\"h-image__frame-container-outer\">\n                    <div class=\"h-image__frame-container\">\n                      <!---->\n                      <!---->\n                      <img loading=\"lazy\" decoding=\"async\" width=\"2230\" height=\"2282\" data-src=\"https:\/\/ministeriosesportivos.com\/wp-content\/uploads\/2024\/11\/Logo-Nos-na-M1.jpg\" class=\"wp-image-1002 style-740-image style-local-1009-c5-image lazyload\" alt=\"\" data-srcset=\"https:\/\/ministeriosesportivos.com\/wp-content\/uploads\/2024\/11\/Logo-Nos-na-M1.jpg 2230w, https:\/\/ministeriosesportivos.com\/wp-content\/uploads\/2024\/11\/Logo-Nos-na-M1-293x300.jpg 293w, https:\/\/ministeriosesportivos.com\/wp-content\/uploads\/2024\/11\/Logo-Nos-na-M1-1001x1024.jpg 1001w, https:\/\/ministeriosesportivos.com\/wp-content\/uploads\/2024\/11\/Logo-Nos-na-M1-768x786.jpg 768w, https:\/\/ministeriosesportivos.com\/wp-content\/uploads\/2024\/11\/Logo-Nos-na-M1-1501x1536.jpg 1501w, https:\/\/ministeriosesportivos.com\/wp-content\/uploads\/2024\/11\/Logo-Nos-na-M1-2001x2048.jpg 2001w\" data-sizes=\"(max-width: 2230px) 100vw, 2230px\" src=\"data:image\/gif;base64,R0lGODlhAQABAAAAACH5BAEKAAEALAAAAAABAAEAAAICTAEAOw==\" style=\"--smush-placeholder-width: 2230px; --smush-placeholder-aspect-ratio: 2230\/2282;\" \/><noscript><img loading=\"lazy\" decoding=\"async\" width=\"2230\" height=\"2282\" src=\"https:\/\/ministeriosesportivos.com\/wp-content\/uploads\/2024\/11\/Logo-Nos-na-M1.jpg\" class=\"wp-image-1002 style-740-image style-local-1009-c5-image\" alt=\"\" srcset=\"https:\/\/ministeriosesportivos.com\/wp-content\/uploads\/2024\/11\/Logo-Nos-na-M1.jpg 2230w, https:\/\/ministeriosesportivos.com\/wp-content\/uploads\/2024\/11\/Logo-Nos-na-M1-293x300.jpg 293w, https:\/\/ministeriosesportivos.com\/wp-content\/uploads\/2024\/11\/Logo-Nos-na-M1-1001x1024.jpg 1001w, https:\/\/ministeriosesportivos.com\/wp-content\/uploads\/2024\/11\/Logo-Nos-na-M1-768x786.jpg 768w, https:\/\/ministeriosesportivos.com\/wp-content\/uploads\/2024\/11\/Logo-Nos-na-M1-1501x1536.jpg 1501w, https:\/\/ministeriosesportivos.com\/wp-content\/uploads\/2024\/11\/Logo-Nos-na-M1-2001x2048.jpg 2001w\" sizes=\"(max-width: 2230px) 100vw, 2230px\" \/><\/noscript>\n                      <div class=\"h-image__frame h-hide-lg h-hide-md h-hide-sm style-740-frameImage style-local-1009-c5-frameImage\"><\/div>\n                    <\/div>\n                  <\/div>\n                <\/div>\n              <\/div>\n            <\/div>\n          <\/div>\n        <\/div>\n      <\/div>\n    <\/div>\n  <\/div>\n  <div data-colibri-component=\"section\" data-colibri-id=\"1009-c6\" id=\"custom-2\" class=\"h-section h-section-global-spacing d-flex align-items-lg-center align-items-md-center align-items-center style-741 style-local-1009-c6 position-relative\">\n    <!---->\n    <!---->\n    <div class=\"h-section-grid-container h-section-boxed-container\">\n      <!---->\n      <div data-colibri-id=\"1009-c7\" class=\"h-row-container gutters-row-lg-2 gutters-row-md-2 gutters-row-0 gutters-row-v-lg-2 gutters-row-v-md-2 gutters-row-v-2 style-742 style-local-1009-c7 position-relative\">\n        <!---->\n        <div class=\"h-row justify-content-lg-center justify-content-md-center justify-content-center align-items-lg-stretch align-items-md-stretch align-items-stretch gutters-col-lg-2 gutters-col-md-2 gutters-col-0 gutters-col-v-lg-2 gutters-col-v-md-2 gutters-col-v-2\">\n          <!---->\n          <div class=\"h-column h-column-container d-flex h-col-lg-auto h-col-md-auto h-col-auto style-743-outer style-local-1009-c8-outer\">\n            <div data-colibri-id=\"1009-c8\" class=\"d-flex h-flex-basis h-column__inner h-px-lg-2 h-px-md-2 h-px-2 v-inner-lg-2 v-inner-md-2 v-inner-2 style-743 style-local-1009-c8 position-relative\">\n              <!---->\n              <!---->\n              <div class=\"w-100 h-y-container h-column__content h-column__v-align flex-basis-100 align-self-lg-start align-self-md-start align-self-start\">\n                <!---->\n                <div data-colibri-id=\"1009-c9\" class=\"d-block style-744 style-local-1009-c9 position-relative h-element\">\n                  <!---->\n                  <div class=\"h-image__frame-container-outer\">\n                    <div class=\"h-image__frame-container\">\n                      <!---->\n                      <!---->\n                      <img loading=\"lazy\" decoding=\"async\" width=\"2560\" height=\"1706\" data-src=\"https:\/\/ministeriosesportivos.com\/wp-content\/uploads\/2024\/11\/trakker1-scaled.jpg\" class=\"wp-image-1021 style-744-image style-local-1009-c9-image lazyload\" alt=\"\" data-srcset=\"https:\/\/ministeriosesportivos.com\/wp-content\/uploads\/2024\/11\/trakker1-scaled.jpg 2560w, https:\/\/ministeriosesportivos.com\/wp-content\/uploads\/2024\/11\/trakker1-300x200.jpg 300w, https:\/\/ministeriosesportivos.com\/wp-content\/uploads\/2024\/11\/trakker1-1024x683.jpg 1024w, https:\/\/ministeriosesportivos.com\/wp-content\/uploads\/2024\/11\/trakker1-768x512.jpg 768w, https:\/\/ministeriosesportivos.com\/wp-content\/uploads\/2024\/11\/trakker1-1536x1024.jpg 1536w, https:\/\/ministeriosesportivos.com\/wp-content\/uploads\/2024\/11\/trakker1-2048x1365.jpg 2048w\" data-sizes=\"(max-width: 2560px) 100vw, 2560px\" src=\"data:image\/gif;base64,R0lGODlhAQABAAAAACH5BAEKAAEALAAAAAABAAEAAAICTAEAOw==\" style=\"--smush-placeholder-width: 2560px; --smush-placeholder-aspect-ratio: 2560\/1706;\" \/><noscript><img loading=\"lazy\" decoding=\"async\" width=\"2560\" height=\"1706\" src=\"https:\/\/ministeriosesportivos.com\/wp-content\/uploads\/2024\/11\/trakker1-scaled.jpg\" class=\"wp-image-1021 style-744-image style-local-1009-c9-image\" alt=\"\" srcset=\"https:\/\/ministeriosesportivos.com\/wp-content\/uploads\/2024\/11\/trakker1-scaled.jpg 2560w, https:\/\/ministeriosesportivos.com\/wp-content\/uploads\/2024\/11\/trakker1-300x200.jpg 300w, https:\/\/ministeriosesportivos.com\/wp-content\/uploads\/2024\/11\/trakker1-1024x683.jpg 1024w, https:\/\/ministeriosesportivos.com\/wp-content\/uploads\/2024\/11\/trakker1-768x512.jpg 768w, https:\/\/ministeriosesportivos.com\/wp-content\/uploads\/2024\/11\/trakker1-1536x1024.jpg 1536w, https:\/\/ministeriosesportivos.com\/wp-content\/uploads\/2024\/11\/trakker1-2048x1365.jpg 2048w\" sizes=\"(max-width: 2560px) 100vw, 2560px\" \/><\/noscript>\n                      <div class=\"h-image__frame h-hide-lg h-hide-md h-hide-sm style-744-frameImage style-local-1009-c9-frameImage\"><\/div>\n                    <\/div>\n                  <\/div>\n                <\/div>\n              <\/div>\n            <\/div>\n          <\/div>\n        <\/div>\n      <\/div>\n    <\/div>\n  <\/div>\n  <div data-colibri-component=\"section\" data-colibri-id=\"1009-c10\" id=\"about\" class=\"h-section h-section-global-spacing d-flex align-items-lg-center align-items-md-center align-items-center style-745 style-local-1009-c10 position-relative\">\n    <!---->\n    <!---->\n    <div class=\"h-section-grid-container h-section-boxed-container\">\n      <!---->\n      <div data-colibri-id=\"1009-c11\" class=\"h-row-container gutters-row-lg-0 gutters-row-md-0 gutters-row-0 gutters-row-v-lg-0 gutters-row-v-md-0 gutters-row-v-0 style-746 style-local-1009-c11 position-relative\">\n        <!---->\n        <div class=\"h-row justify-content-lg-center justify-content-md-center justify-content-center align-items-lg-stretch align-items-md-stretch align-items-stretch gutters-col-lg-0 gutters-col-md-0 gutters-col-0 gutters-col-v-lg-0 gutters-col-v-md-0 gutters-col-v-0\">\n          <!---->\n          <div class=\"h-column h-column-container d-flex h-col-lg-auto h-col-md-auto h-col-auto style-747-outer style-local-1009-c12-outer\">\n            <div data-colibri-id=\"1009-c12\" class=\"d-flex h-flex-basis h-column__inner h-px-lg-0 h-px-md-0 h-px-0 v-inner-lg-0 v-inner-md-0 v-inner-0 style-747 style-local-1009-c12 position-relative\">\n              <!---->\n              <!---->\n              <div class=\"w-100 h-y-container h-column__content h-column__v-align flex-basis-100 align-self-lg-start align-self-md-start align-self-start\">\n                <!---->\n                <div data-colibri-id=\"1009-c15\" class=\"h-text h-text-component style-750 style-local-1009-c15 position-relative h-element\">\n                  <!---->\n                  <!---->\n                  <div class=\"\">\n                    <p>O minist\u00e9rio Seven Trekkers surgiu em 2017 com o objetivo de fazer trilhas nas montanhas e levar pessoas a conhecer a grandeza do Criador e tamb\u00e9m aos p\u00e9s do Salvador. Atualmente o minist\u00e9rio atua em S\u00e3o Paulo, Minas Gerais e Rio de\n                      Janeiro. O principal local das trilhas \u00e9 a Serra da Mantiqueira.<\/p>\n                  <\/div>\n                <\/div>\n              <\/div>\n            <\/div>\n          <\/div>\n          <div class=\"h-column h-column-container d-flex h-col-lg-auto h-col-md-auto h-col-auto style-751-outer style-local-1009-c16-outer\">\n            <div data-colibri-id=\"1009-c16\" class=\"d-flex h-flex-basis h-column__inner h-ui-empty-state-container h-px-lg-2 h-px-md-2 h-px-2 v-inner-lg-2 v-inner-md-2 v-inner-2 style-751 style-local-1009-c16 position-relative\">\n              <!---->\n              <!---->\n              <div class=\"w-100 h-y-container h-column__content h-column__v-align flex-basis-100\">\n                <!---->\n              <\/div>\n            <\/div>\n          <\/div>\n        <\/div>\n      <\/div>\n    <\/div>\n  <\/div>\n  <div data-colibri-component=\"section\" data-colibri-id=\"1009-c17\" id=\"features\" class=\"h-section h-section-global-spacing d-flex align-items-lg-center align-items-md-center align-items-center style-752 style-local-1009-c17 position-relative\">\n    <!---->\n    <!---->\n    <div class=\"h-section-grid-container h-section-boxed-container\">\n      <!---->\n      <div data-colibri-id=\"1009-c18\" class=\"h-row-container gutters-row-lg-2 gutters-row-md-2 gutters-row-2 gutters-row-v-lg-2 gutters-row-v-md-2 gutters-row-v-2 style-753 style-local-1009-c18 position-relative\">\n        <!---->\n        <div class=\"h-row justify-content-lg-center justify-content-md-center justify-content-center align-items-lg-stretch align-items-md-stretch align-items-stretch gutters-col-lg-2 gutters-col-md-2 gutters-col-2 gutters-col-v-lg-2 gutters-col-v-md-2 gutters-col-v-2\">\n          <!---->\n          <div class=\"h-column h-column-container d-flex h-col-lg-12 h-col-md-12 h-col-12 style-754-outer style-local-1009-c19-outer\">\n            <div data-colibri-id=\"1009-c19\" class=\"d-flex h-flex-basis h-column__inner h-px-lg-0 h-px-md-0 h-px-2 v-inner-lg-0 v-inner-md-0 v-inner-2 style-754 style-local-1009-c19 position-relative\">\n              <!---->\n              <!---->\n              <div class=\"w-100 h-y-container h-column__content h-column__v-align flex-basis-100 align-self-lg-start align-self-md-start align-self-start\">\n                <!---->\n                <div data-colibri-id=\"1009-c20\" class=\"h-row-container gutters-row-lg-1 gutters-row-md-1 gutters-row-0 gutters-row-v-lg-1 gutters-row-v-md-1 gutters-row-v-2 style-755 style-local-1009-c20 position-relative\">\n                  <!---->\n                  <div class=\"h-row justify-content-lg-center justify-content-md-center justify-content-center align-items-lg-stretch align-items-md-stretch align-items-stretch gutters-col-lg-1 gutters-col-md-1 gutters-col-0 gutters-col-v-lg-1 gutters-col-v-md-1 gutters-col-v-2\">\n                    <!---->\n                    <div class=\"h-column h-column-container d-flex h-col-lg-auto h-col-md-auto h-col-auto style-756-outer style-local-1009-c21-outer\">\n                      <div data-colibri-id=\"1009-c21\" class=\"d-flex h-flex-basis h-column__inner h-px-lg-1 h-px-md-1 h-px-1 v-inner-lg-1 v-inner-md-1 v-inner-1 style-756 style-local-1009-c21 position-relative\">\n                        <!---->\n                        <!---->\n                        <div class=\"w-100 h-y-container h-column__content h-column__v-align flex-basis-auto align-self-lg-start align-self-md-start align-self-start\">\n                          <!---->\n                          <div data-colibri-id=\"1009-c22\" class=\"h-icon style-757 style-local-1009-c22 position-relative h-element\">\n                            <!----><span class=\"h-svg-icon h-icon__icon style-757-icon style-local-1009-c22-icon\"><!--Icon by Icons8 Line Awesome (https:\/\/icons8.com\/line-awesome)--><svg version=\"1.1\" xmlns=\"http:\/\/www.w3.org\/2000\/svg\" xmlns:xlink=\"http:\/\/www.w3.org\/1999\/xlink\" id=\"connectdevelop\" viewBox=\"0 0 512 545.5\"><path d=\"M146.5 99h219l4.5 8 100 174.5 4.5 8-4.5 8L370 472l-4.5 8h-219l-4.5-8L42 297.5l-4.5-8 4.5-8L142 107zm39 32l25 26 73-26h-98zm146 0L223 169.5l35 36.5zm-167 1.5l-.5 1V174l30.5-11zm184.5 3l-79.5 82 57 59L391 208zm-201 26L135 184l13-4.5v-18zm58.5 14L164 191v62l23.5 25 59.5-60.5zm-58.5 21l-25.5 9-1 2L148 236v-39.5zM113 222l-38.5 67.5 38 66L148 319v-59.5zm285 2l-60.5 64 38.5 39.5zm-140 5l-59.5 61 57.5 61 59.5-63zm152.5 13.5l-20.5 99 11 11.5 36.5-63.5zm-246.5 34v26l12.5-13zm162.5 23L267 363l8.5 9H367l5.5-25.5zm-139 2L164 325v47h72l9-9zm-39.5 40L120.5 370l1.5 2h26v-30.5zm238 19l-2.5 11.5h6.5l2.5-4.5zM131 388l17 29.5V388h-17zm33 0v57.5l1 2 56-59.5h-57zm79 0l-56.5 60h138l-56-60H243zm47.5 0l56 60 7-12 10-48h-73zm89.5 0l-.5 2.5 1.5-2.5h-1z\"><\/path><\/svg><\/span><\/div>\n                        <\/div>\n                      <\/div>\n                    <\/div>\n                    <div class=\"h-column h-column-container d-flex h-col-lg h-col-md h-col-auto style-758-outer style-local-1009-c23-outer\">\n                      <div data-colibri-id=\"1009-c23\" class=\"d-flex h-flex-basis h-column__inner h-px-lg-1 h-px-md-1 h-px-1 v-inner-lg-1 v-inner-md-1 v-inner-1 style-758 style-local-1009-c23 position-relative\">\n                        <!---->\n                        <!---->\n                        <div class=\"w-100 h-y-container h-column__content h-column__v-align flex-basis-100 align-self-lg-start align-self-md-start align-self-start\">\n                          <!---->\n                          <div data-colibri-id=\"1009-c24\" class=\"h-global-transition-all h-heading style-759 style-local-1009-c24 position-relative h-element\">\n                            <!---->\n                            <div class=\"h-heading__outer style-759 style-local-1009-c24\">\n                              <!---->\n                              <!---->\n                              <h5 class=\"\">Redes sociais<\/h5>\n                            <\/div>\n                          <\/div>\n                          <div data-colibri-id=\"1009-c25\" class=\"h-text h-text-component style-760 style-local-1009-c25 position-relative h-element\">\n                            <!---->\n                            <!---->\n                            <div class=\"\">\n                              <p>Instagram<\/p>\n                              <p>#seventrekkers<\/p>\n                            <\/div>\n                          <\/div>\n                        <\/div>\n                      <\/div>\n                    <\/div>\n                  <\/div>\n                <\/div>\n              <\/div>\n            <\/div>\n          <\/div>\n          <div class=\"h-column h-column-container d-flex h-col-lg-12 h-col-md-12 h-col-12 style-754-outer style-local-1009-c40-outer\">\n            <div data-colibri-id=\"1009-c40\" class=\"d-flex h-flex-basis h-column__inner h-px-lg-0 h-px-md-0 h-px-2 v-inner-lg-0 v-inner-md-0 v-inner-2 style-754 style-local-1009-c40 position-relative\">\n              <!---->\n              <!---->\n              <div class=\"w-100 h-y-container h-column__content h-column__v-align flex-basis-100 align-self-lg-start align-self-md-start align-self-start\">\n                <!---->\n                <div data-colibri-id=\"1009-c41\" class=\"h-row-container gutters-row-lg-1 gutters-row-md-1 gutters-row-0 gutters-row-v-lg-1 gutters-row-v-md-1 gutters-row-v-2 style-755 style-local-1009-c41 position-relative\">\n                  <!---->\n                  <div class=\"h-row justify-content-lg-center justify-content-md-center justify-content-center align-items-lg-stretch align-items-md-stretch align-items-stretch gutters-col-lg-1 gutters-col-md-1 gutters-col-0 gutters-col-v-lg-1 gutters-col-v-md-1 gutters-col-v-2\">\n                    <!---->\n                    <div class=\"h-column h-column-container d-flex h-col-lg-auto h-col-md-auto h-col-auto style-756-outer style-local-1009-c42-outer\">\n                      <div data-colibri-id=\"1009-c42\" class=\"d-flex h-flex-basis h-column__inner h-px-lg-1 h-px-md-1 h-px-1 v-inner-lg-1 v-inner-md-1 v-inner-1 style-756 style-local-1009-c42 position-relative\">\n                        <!---->\n                        <!---->\n                        <div class=\"w-100 h-y-container h-column__content h-column__v-align flex-basis-auto align-self-lg-start align-self-md-start align-self-start\">\n                          <!---->\n                          <div data-colibri-id=\"1009-c43\" class=\"h-icon style-757 style-local-1009-c43 position-relative h-element\">\n                            <!----><span class=\"h-svg-icon h-icon__icon style-757-icon style-local-1009-c43-icon\"><!--Icon by Font Awesome (https:\/\/fontawesome.com)-->\n    <svg version=\"1.1\" xmlns=\"http:\/\/www.w3.org\/2000\/svg\" xmlns:xlink=\"http:\/\/www.w3.org\/1999\/xlink\" id=\"user-secret\" viewBox=\"0 0 1536 1896.0833\">\n      <path d=\"M576 1536l96-448-96-128-128-64zm256 0l128-640-128 64-96 128zM992 526q-2-4-4-6-10-8-96-8-70 0-167 19-7 2-21 2t-21-2q-97-19-167-19-86 0-96 8-2 2-4 6 2 18 4 27 2 3 7.5 6.5T435 570q2 4 7.5 20.5t7 20.5 7.5 17 8.5 17 9 14 12 13.5 14 9.5 17.5 8 20.5 4 24.5 2q36 0 59-12.5t32.5-30T669 619t11.5-29.5T698 577h12q11 0 17.5 12.5T739 619t14.5 34.5 32.5 30 59 12.5q13 0 24.5-2t20.5-4 17.5-8 14-9.5 12-13.5 9-14 8.5-17 7.5-17 7-20.5T973 570q2-7 7.5-10.5t7.5-6.5q2-9 4-27zm416 879q0 121-73 190t-194 69H267q-121 0-194-69T0 1405q0-61 4.5-118t19-125.5T61 1038t63.5-103.5T218 860l-90-220h214q-22-64-22-128 0-12 2-32-194-40-194-96 0-57 210-99 17-62 51.5-134T460 37q32-37 76-37 30 0 84 31t84 31 84-31 84-31q44 0 76 37 36 42 70.5 114t51.5 134q210 42 210 99 0 56-194 96 7 81-20 160h214l-82 225q63 33 107.5 96.5T1371 1105t29 151.5 8 148.5z\"><\/path>\n    <\/svg><\/span><\/div>\n                        <\/div>\n                      <\/div>\n                    <\/div>\n                    <div class=\"h-column h-column-container d-flex h-col-lg h-col-md h-col-auto style-758-outer style-local-1009-c44-outer\">\n                      <div data-colibri-id=\"1009-c44\" class=\"d-flex h-flex-basis h-column__inner h-px-lg-1 h-px-md-1 h-px-1 v-inner-lg-1 v-inner-md-1 v-inner-1 style-758 style-local-1009-c44 position-relative\">\n                        <!---->\n                        <!---->\n                        <div class=\"w-100 h-y-container h-column__content h-column__v-align flex-basis-100 align-self-lg-start align-self-md-start align-self-start\">\n                          <!---->\n                          <div data-colibri-id=\"1009-c45\" class=\"h-global-transition-all h-heading style-759 style-local-1009-c45 position-relative h-element\">\n                            <!---->\n                            <div class=\"h-heading__outer style-759 style-local-1009-c45\">\n                              <!---->\n                              <!---->\n                              <h5 class=\"\">Presid\u00eancia<\/h5>\n                            <\/div>\n                          <\/div>\n                          <div data-colibri-id=\"1009-c46\" class=\"h-text h-text-component style-760 style-local-1009-c46 position-relative h-element\">\n                            <!---->\n                            <!---->\n                            <div class=\"\">\n                              <p>Jo\u00e3o carlos Noronha<\/p>\n                              <p>(11) 98208-7705<\/p>\n                              <p>johnnyenglish680@gmail.com<\/p>\n                              <p>\n                                <br>\n                              <\/p>\n                            <\/div>\n                          <\/div>\n                        <\/div>\n                      <\/div>\n                    <\/div>\n                  <\/div>\n                <\/div>\n              <\/div>\n            <\/div>\n          <\/div>\n        <\/div>\n      <\/div>\n    <\/div>\n  <\/div>\n<\/div>","protected":false},"excerpt":{"rendered":"<p>O minist\u00e9rio Seven Trekkers surgiu em 2017 com o objetivo de fazer trilhas nas montanhas e levar pessoas a conhecer a grandeza do Criador e tamb\u00e9m aos p\u00e9s do Salvador. Atualmente o minist\u00e9rio atua em S\u00e3o Paulo, Minas Gerais e Rio de Janeiro. O principal local das trilhas \u00e9 a Serra da Mantiqueira. Redes sociais [&hellip;]<\/p>\n","protected":false},"author":1,"featured_media":0,"parent":0,"menu_order":0,"comment_status":"closed","ping_status":"closed","template":"page-templates\/full-width-page.php","meta":{"om_disable_all_campaigns":false,"_monsterinsights_skip_tracking":false,"_monsterinsights_sitenote_active":false,"_monsterinsights_sitenote_note":"","_monsterinsights_sitenote_category":0,"_uf_show_specific_survey":0,"_uf_disable_surveys":false,"footnotes":""},"class_list":["post-1009","page","type-page","status-publish","hentry"],"aioseo_notices":[],"_links":{"self":[{"href":"https:\/\/ministeriosesportivos.com\/index.php?rest_route=\/wp\/v2\/pages\/1009"}],"collection":[{"href":"https:\/\/ministeriosesportivos.com\/index.php?rest_route=\/wp\/v2\/pages"}],"about":[{"href":"https:\/\/ministeriosesportivos.com\/index.php?rest_route=\/wp\/v2\/types\/page"}],"author":[{"embeddable":true,"href":"https:\/\/ministeriosesportivos.com\/index.php?rest_route=\/wp\/v2\/users\/1"}],"replies":[{"embeddable":true,"href":"https:\/\/ministeriosesportivos.com\/index.php?rest_route=%2Fwp%2Fv2%2Fcomments&post=1009"}],"version-history":[{"count":6,"href":"https:\/\/ministeriosesportivos.com\/index.php?rest_route=\/wp\/v2\/pages\/1009\/revisions"}],"predecessor-version":[{"id":1067,"href":"https:\/\/ministeriosesportivos.com\/index.php?rest_route=\/wp\/v2\/pages\/1009\/revisions\/1067"}],"wp:attachment":[{"href":"https:\/\/ministeriosesportivos.com\/index.php?rest_route=%2Fwp%2Fv2%2Fmedia&parent=1009"}],"curies":[{"name":"wp","href":"https:\/\/api.w.org\/{rel}","templated":true}]}}